{"id":10,"date":"2022-02-02T02:16:49","date_gmt":"2022-02-02T02:16:49","guid":{"rendered":"https:\/\/lapanteraradio.org\/?page_id=10"},"modified":"2022-02-02T02:16:49","modified_gmt":"2022-02-02T02:16:49","slug":"contactanos","status":"publish","type":"page","link":"https:\/\/lapanteraradio.org\/index.php\/contactanos\/","title":{"rendered":"Cont\u00e1ctanos"},"content":{"rendered":"\n<p><strong>Contamos con las m\u00e1s recientes herramientas modernas y actualizadas de \u00faltima generaci\u00f3n.<\/strong><\/p>\n\n\n\n<p><strong>Tel\u00e9fono: (760)953 3900<\/strong><\/p>\n\n\n\n<p><a href=\"mailto:elpequeno2000@yahoo.com\" target=\"_blank\" rel=\"noreferrer noopener\">Email:&nbsp;elpequeno2000@yahoo.com<\/a><\/p>\n","protected":false},"excerpt":{"rendered":"<p>Contamos con las m\u00e1s recientes herramientas modernas y actualizadas de \u00faltima generaci\u00f3n. Tel\u00e9fono: (760)953 3900 Email:&nbsp;elpequeno2000@yahoo.com<\/p>\n","protected":false},"author":1,"featured_media":0,"parent":0,"menu_order":0,"comment_status":"closed","ping_status":"closed","template":"","meta":{"footnotes":""},"class_list":["post-10","page","type-page","status-publish","hentry"],"_links":{"self":[{"href":"https:\/\/lapanteraradio.org\/index.php\/wp-json\/wp\/v2\/pages\/10","targetHints":{"allow":["GET"]}}],"collection":[{"href":"https:\/\/lapanteraradio.org\/index.php\/wp-json\/wp\/v2\/pages"}],"about":[{"href":"https:\/\/lapanteraradio.org\/index.php\/wp-json\/wp\/v2\/types\/page"}],"author":[{"embeddable":true,"href":"https:\/\/lapanteraradio.org\/index.php\/wp-json\/wp\/v2\/users\/1"}],"replies":[{"embeddable":true,"href":"https:\/\/lapanteraradio.org\/index.php\/wp-json\/wp\/v2\/comments?post=10"}],"version-history":[{"count":1,"href":"https:\/\/lapanteraradio.org\/index.php\/wp-json\/wp\/v2\/pages\/10\/revisions"}],"predecessor-version":[{"id":12,"href":"https:\/\/lapanteraradio.org\/index.php\/wp-json\/wp\/v2\/pages\/10\/revisions\/12"}],"wp:attachment":[{"href":"https:\/\/lapanteraradio.org\/index.php\/wp-json\/wp\/v2\/media?parent=10"}],"curies":[{"name":"wp","href":"https:\/\/api.w.org\/{rel}","templated":true}]}}